{"id":259,"date":"2023-11-01T21:25:17","date_gmt":"2023-11-01T21:25:17","guid":{"rendered":"https:\/\/praxisempresarialsa.com\/?page_id=259"},"modified":"2024-03-13T03:25:29","modified_gmt":"2024-03-13T03:25:29","slug":"modelo-de-innovacion-de-productos-y-servicios","status":"publish","type":"page","link":"https:\/\/praxisempresarialsa.com\/index.php\/modelo-de-innovacion-de-productos-y-servicios\/","title":{"rendered":"BOOTCAMP DE INNOVACI\u00d3N"},"content":{"rendered":"\n<p class=\"has-black-color has-text-color\" style=\"font-size:18px\"><strong>PRAXIS EMPRESARIAL<\/strong> ha desarrollado una metodolog\u00eda para <strong>INNOVAR <\/strong>productos y servicios bajo la filosof\u00eda de&nbsp;<em><strong>ENFOCARSE<\/strong> en entender al consumidor, dise\u00f1ar para ganar, resaltar los valores de nuestra oferta y alinear la organizaci\u00f3n con lo que necesita el cliente.<\/em><\/p>\n\n\n\n<div class=\"wp-block-columns is-layout-flex wp-container-core-columns-layout-1 wp-block-columns-is-layout-flex\">\n<div class=\"wp-block-column is-layout-flow wp-block-column-is-layout-flow\" style=\"flex-basis:66.66%\"><a href=\"https:\/\/praxisempresarialsa.com\/wp-content\/uploads\/2024\/03\/BOOTCAMP_DE_INNOVACION_V2.pdf\" class=\"pdfemb-viewer\" style=\"\" data-width=\"max\" data-height=\"max\"  data-toolbar=\"bottom\" data-toolbar-fixed=\"on\">BOOTCAMP_DE_INNOVACION_V2<br\/><\/a>\n<p class=\"wp-block-pdfemb-pdf-embedder-viewer\"><\/p>\n\n\n\n<figure class=\"wp-block-image size-full is-resized\"><img loading=\"lazy\" decoding=\"async\" width=\"632\" height=\"57\" src=\"https:\/\/praxisempresarialsa.com\/wp-content\/uploads\/2024\/03\/Ver_Presentacion_5.png\" alt=\"\" class=\"wp-image-1300\" style=\"width:459px\" srcset=\"https:\/\/praxisempresarialsa.com\/wp-content\/uploads\/2024\/03\/Ver_Presentacion_5.png 632w, https:\/\/praxisempresarialsa.com\/wp-content\/uploads\/2024\/03\/Ver_Presentacion_5-150x14.png 150w, https:\/\/praxisempresarialsa.com\/wp-content\/uploads\/2024\/03\/Ver_Presentacion_5-300x27.png 300w\" sizes=\"(max-width: 632px) 100vw, 632px\" \/><\/figure>\n<\/div>\n\n\n\n<div class=\"wp-block-column is-layout-flow wp-block-column-is-layout-flow\" style=\"flex-basis:33.33%\">\n<p class=\"has-black-color has-text-color has-link-color wp-elements-3e59c384004de3d7e030081255db611a\" style=\"font-size:18px\"><strong>Para mayor informaci\u00f3n, cont\u00e1ctanos:<\/strong><\/p>\n\n\n<style id=\"wpforms-css-vars-root\">\n\t\t\t\t:root {\n\t\t\t\t\t--wpforms-field-border-radius: 3px;\n--wpforms-field-background-color: #ffffff;\n--wpforms-field-border-color: rgba( 0, 0, 0, 0.25 );\n--wpforms-field-text-color: rgba( 0, 0, 0, 0.7 );\n--wpforms-label-color: rgba( 0, 0, 0, 0.85 );\n--wpforms-label-sublabel-color: rgba( 0, 0, 0, 0.55 );\n--wpforms-label-error-color: #d63637;\n--wpforms-button-border-radius: 3px;\n--wpforms-button-background-color: #066aab;\n--wpforms-button-text-color: #ffffff;\n--wpforms-field-size-input-height: 43px;\n--wpforms-field-size-input-spacing: 15px;\n--wpforms-field-size-font-size: 16px;\n--wpforms-field-size-line-height: 19px;\n--wpforms-field-size-padding-h: 14px;\n--wpforms-field-size-checkbox-size: 16px;\n--wpforms-field-size-sublabel-spacing: 5px;\n--wpforms-field-size-icon-size: 1;\n--wpforms-label-size-font-size: 16px;\n--wpforms-label-size-line-height: 19px;\n--wpforms-label-size-sublabel-font-size: 14px;\n--wpforms-label-size-sublabel-line-height: 17px;\n--wpforms-button-size-font-size: 17px;\n--wpforms-button-size-height: 41px;\n--wpforms-button-size-padding-h: 15px;\n--wpforms-button-size-margin-top: 10px;\n\n\t\t\t\t}\n\t\t\t<\/style><style id=\"wpforms-css-vars-246-block-77008e1d-43db-4fa2-b8cd-08074d687f9c\">\n\t\t\t\t#wpforms-246.wpforms-block-77008e1d-43db-4fa2-b8cd-08074d687f9c {\n\t\t\t\t\t--wpforms-field-size-input-height: 31px;\n--wpforms-field-size-input-spacing: 10px;\n--wpforms-field-size-font-size: 14px;\n--wpforms-field-size-line-height: 17px;\n--wpforms-field-size-padding-h: 9px;\n--wpforms-field-size-checkbox-size: 14px;\n--wpforms-field-size-sublabel-spacing: 5px;\n--wpforms-field-size-icon-size: 0.75;\n--wpforms-label-size-font-size: 14px;\n--wpforms-label-size-line-height: 17px;\n--wpforms-label-size-sublabel-font-size: 13px;\n--wpforms-label-size-sublabel-line-height: 16px;\n--wpforms-button-size-font-size: 14px;\n--wpforms-button-size-height: 37px;\n--wpforms-button-size-padding-h: 15px;\n--wpforms-button-size-margin-top: 5px;\n\n\t\t\t\t}\n\t\t\t<\/style><div class=\"wpforms-container wpforms-container-full wpforms-block wpforms-block-77008e1d-43db-4fa2-b8cd-08074d687f9c wpforms-render-modern\" id=\"wpforms-246\"><form id=\"wpforms-form-246\" class=\"wpforms-validate wpforms-form wpforms-ajax-form\" data-formid=\"246\" method=\"post\" enctype=\"multipart\/form-data\" action=\"\/index.php\/wp-json\/wp\/v2\/pages\/259\" data-token=\"af9c61f5d630ac6626d90f01634bf677\"><noscript class=\"wpforms-error-noscript\">Por favor, activa JavaScript en tu navegador para completar este formulario.<\/noscript><div class=\"wpforms-hidden\" id=\"wpforms-error-noscript\">Por favor, activa JavaScript en tu navegador para completar este formulario.<\/div><div class=\"wpforms-field-container\"><div id=\"wpforms-246-field_0-container\" class=\"wpforms-field wpforms-field-name\" data-field-id=\"0\"><fieldset><legend class=\"wpforms-field-label\">Nombre <span class=\"wpforms-required-label\" aria-hidden=\"true\">*<\/span><\/legend><div class=\"wpforms-field-row wpforms-field-medium\"><div class=\"wpforms-field-row-block wpforms-first wpforms-one-half\"><input type=\"text\" id=\"wpforms-246-field_0\" class=\"wpforms-field-name-first wpforms-field-required\" name=\"wpforms[fields][0][first]\" aria-errormessage=\"wpforms-246-field_0-error\" required><label for=\"wpforms-246-field_0\" class=\"wpforms-field-sublabel after \">Nombre<\/label><\/div><div class=\"wpforms-field-row-block wpforms-one-half\"><input type=\"text\" id=\"wpforms-246-field_0-last\" class=\"wpforms-field-name-last wpforms-field-required\" name=\"wpforms[fields][0][last]\" aria-errormessage=\"wpforms-246-field_0-last-error\" required><label for=\"wpforms-246-field_0-last\" class=\"wpforms-field-sublabel after \">Apellidos<\/label><\/div><\/div><\/fieldset><\/div><div id=\"wpforms-246-field_4-container\" class=\"wpforms-field wpforms-field-text\" data-field-id=\"4\"><label class=\"wpforms-field-label\" for=\"wpforms-246-field_4\">Ciudad<\/label><input type=\"text\" id=\"wpforms-246-field_4\" class=\"wpforms-field-medium\" name=\"wpforms[fields][4]\" aria-errormessage=\"wpforms-246-field_4-error\" ><\/div><div id=\"wpforms-246-field_1-container\" class=\"wpforms-field wpforms-field-email\" data-field-id=\"1\"><label class=\"wpforms-field-label\" for=\"wpforms-246-field_1\">Correo electr\u00f3nico <span class=\"wpforms-required-label\" aria-hidden=\"true\">*<\/span><\/label><input type=\"email\" id=\"wpforms-246-field_1\" class=\"wpforms-field-medium wpforms-field-required\" name=\"wpforms[fields][1]\" spellcheck=\"false\" aria-errormessage=\"wpforms-246-field_1-error\" required><\/div><div id=\"wpforms-246-field_3-container\" class=\"wpforms-field wpforms-field-text\" data-field-id=\"3\"><label class=\"wpforms-field-label\" for=\"wpforms-246-field_3\">Tel\/Cel<\/label><input type=\"text\" id=\"wpforms-246-field_3\" class=\"wpforms-field-medium\" name=\"wpforms[fields][3]\" aria-errormessage=\"wpforms-246-field_3-error\" ><\/div><div id=\"wpforms-246-field_2-container\" class=\"wpforms-field wpforms-field-textarea\" data-field-id=\"2\"><label class=\"wpforms-field-label\" for=\"wpforms-246-field_2\">Comentario o mensaje<\/label><textarea id=\"wpforms-246-field_2\" class=\"wpforms-field-medium\" name=\"wpforms[fields][2]\" aria-errormessage=\"wpforms-246-field_2-error\" ><\/textarea><\/div><\/div><!-- .wpforms-field-container --><div class=\"wpforms-submit-container\" ><input type=\"hidden\" name=\"wpforms[id]\" value=\"246\"><input type=\"hidden\" name=\"wpforms[author]\" value=\"1\"><button type=\"submit\" name=\"wpforms[submit]\" id=\"wpforms-submit-246\" class=\"wpforms-submit\" data-alt-text=\"Enviando...\" data-submit-text=\"Enviar\" aria-live=\"assertive\" value=\"wpforms-submit\">Enviar<\/button><img loading=\"lazy\" decoding=\"async\" src=\"https:\/\/praxisempresarialsa.com\/wp-content\/plugins\/wpforms-lite\/assets\/images\/submit-spin.svg\" class=\"wpforms-submit-spinner\" style=\"display: none;\" width=\"26\" height=\"26\" alt=\"Cargando\"><\/div><\/form><\/div>  <!-- .wpforms-container --><\/div>\n<\/div>\n","protected":false},"excerpt":{"rendered":"<p>PRAXIS EMPRESARIAL ha desarrollado una metodolog\u00eda para INNOVAR productos y servicios bajo la filosof\u00eda de&nbsp;ENFOCARSE en entender al consumidor, dise\u00f1ar para ganar, resaltar los valores de nuestra oferta y alinear la organizaci\u00f3n con lo que necesita el cliente. Para mayor informaci\u00f3n, cont\u00e1ctanos:<\/p>\n","protected":false},"author":1,"featured_media":0,"parent":0,"menu_order":0,"comment_status":"closed","ping_status":"closed","template":"","meta":{"_monsterinsights_skip_tracking":false,"_monsterinsights_sitenote_active":false,"_monsterinsights_sitenote_note":"","_monsterinsights_sitenote_category":0,"footnotes":""},"categories":[],"tags":[],"aioseo_notices":[],"_links":{"self":[{"href":"https:\/\/praxisempresarialsa.com\/index.php\/wp-json\/wp\/v2\/pages\/259"}],"collection":[{"href":"https:\/\/praxisempresarialsa.com\/index.php\/wp-json\/wp\/v2\/pages"}],"about":[{"href":"https:\/\/praxisempresarialsa.com\/index.php\/wp-json\/wp\/v2\/types\/page"}],"author":[{"embeddable":true,"href":"https:\/\/praxisempresarialsa.com\/index.php\/wp-json\/wp\/v2\/users\/1"}],"replies":[{"embeddable":true,"href":"https:\/\/praxisempresarialsa.com\/index.php\/wp-json\/wp\/v2\/comments?post=259"}],"version-history":[{"count":14,"href":"https:\/\/praxisempresarialsa.com\/index.php\/wp-json\/wp\/v2\/pages\/259\/revisions"}],"predecessor-version":[{"id":1321,"href":"https:\/\/praxisempresarialsa.com\/index.php\/wp-json\/wp\/v2\/pages\/259\/revisions\/1321"}],"wp:attachment":[{"href":"https:\/\/praxisempresarialsa.com\/index.php\/wp-json\/wp\/v2\/media?parent=259"}],"wp:term":[{"taxonomy":"category","embeddable":true,"href":"https:\/\/praxisempresarialsa.com\/index.php\/wp-json\/wp\/v2\/categories?post=259"},{"taxonomy":"post_tag","embeddable":true,"href":"https:\/\/praxisempresarialsa.com\/index.php\/wp-json\/wp\/v2\/tags?post=259"}],"curies":[{"name":"wp","href":"https:\/\/api.w.org\/{rel}","templated":true}]}}