{"id":253,"date":"2023-11-01T21:19:24","date_gmt":"2023-11-01T21:19:24","guid":{"rendered":"https:\/\/praxisempresarialsa.com\/?page_id=253"},"modified":"2023-11-01T21:19:47","modified_gmt":"2023-11-01T21:19:47","slug":"skillplus-para-ejecutivos","status":"publish","type":"page","link":"https:\/\/praxisempresarialsa.com\/index.php\/skillplus-para-ejecutivos\/","title":{"rendered":"SKILLPLUS PARA EJECUTIVOS"},"content":{"rendered":"\n<p class=\"has-black-color has-text-color\" style=\"font-size:15px\">Skillplus tiene como objetivo aprender a programar para aumentar las posiblidades de encontrar un mejor trabajo, mejorar las condiciones laborales actuales y\/o incluso emprender un negocio.<\/p>\n\n\n\n<p class=\"has-black-color has-text-color\" style=\"font-size:15px\">Los pilares de este programa consisten en ofrecer educaci\u00f3n informal, formar a personas dentro de un proyecto profesional o t\u00e9cnico, al igual que capacitar para la empleabilidad. La oferta acad\u00e9mica incluye un abanico de cursos que se imparten por medio de bootcamps, diplomados, cursos hechos a la medida o certificaciones, bajo la modalidad presencial, online en vivo o virtual asistido, seg\u00fan sea el caso.<\/p>\n\n\n\n<p class=\"has-black-color has-text-color\" style=\"font-size:15px\">La metodolog\u00eda se fundamenta en una relaci\u00f3n de 90% de pr\u00e1ctica y 10% de teor\u00eda, con una promesa de valor de acceso a contenido constantemente actualizado, adquisici\u00f3n de habilidades extra y aprender-haciendo, con el prop\u00f3sito de quedar preparado para el mundo laboral.<\/p>\n","protected":false},"excerpt":{"rendered":"<p>Skillplus tiene como objetivo aprender a programar para aumentar las posiblidades de encontrar un mejor trabajo, mejorar las condiciones laborales actuales y\/o incluso emprender un negocio. Los pilares de este programa consisten en ofrecer educaci\u00f3n informal, formar a personas dentro de un proyecto profesional o t\u00e9cnico, al igual que capacitar para la empleabilidad. La oferta [&hellip;]<\/p>\n<p class=\"more-link style2\"><a href=\"https:\/\/praxisempresarialsa.com\/index.php\/skillplus-para-ejecutivos\/\"  class=\"themebutton\"><span class=\"more-text\">READ MORE<\/span><span class=\"more-icon\"><i class=\"fa fa-angle-right fa-lg\"><\/i><\/span><\/a><\/p>\n","protected":false},"author":1,"featured_media":0,"parent":0,"menu_order":0,"comment_status":"closed","ping_status":"closed","template":"","meta":{"_monsterinsights_skip_tracking":false,"_monsterinsights_sitenote_active":false,"_monsterinsights_sitenote_note":"","_monsterinsights_sitenote_category":0,"footnotes":""},"categories":[],"tags":[],"aioseo_notices":[],"_links":{"self":[{"href":"https:\/\/praxisempresarialsa.com\/index.php\/wp-json\/wp\/v2\/pages\/253"}],"collection":[{"href":"https:\/\/praxisempresarialsa.com\/index.php\/wp-json\/wp\/v2\/pages"}],"about":[{"href":"https:\/\/praxisempresarialsa.com\/index.php\/wp-json\/wp\/v2\/types\/page"}],"author":[{"embeddable":true,"href":"https:\/\/praxisempresarialsa.com\/index.php\/wp-json\/wp\/v2\/users\/1"}],"replies":[{"embeddable":true,"href":"https:\/\/praxisempresarialsa.com\/index.php\/wp-json\/wp\/v2\/comments?post=253"}],"version-history":[{"count":1,"href":"https:\/\/praxisempresarialsa.com\/index.php\/wp-json\/wp\/v2\/pages\/253\/revisions"}],"predecessor-version":[{"id":254,"href":"https:\/\/praxisempresarialsa.com\/index.php\/wp-json\/wp\/v2\/pages\/253\/revisions\/254"}],"wp:attachment":[{"href":"https:\/\/praxisempresarialsa.com\/index.php\/wp-json\/wp\/v2\/media?parent=253"}],"wp:term":[{"taxonomy":"category","embeddable":true,"href":"https:\/\/praxisempresarialsa.com\/index.php\/wp-json\/wp\/v2\/categories?post=253"},{"taxonomy":"post_tag","embeddable":true,"href":"https:\/\/praxisempresarialsa.com\/index.php\/wp-json\/wp\/v2\/tags?post=253"}],"curies":[{"name":"wp","href":"https:\/\/api.w.org\/{rel}","templated":true}]}}